{"id":2,"date":"2018-03-19T16:32:40","date_gmt":"2018-03-19T16:32:40","guid":{"rendered":"http:\/\/mucha-ogrodzenia.pl\/?page_id=2"},"modified":"2018-03-20T14:09:57","modified_gmt":"2018-03-20T14:09:57","slug":"sample-page","status":"publish","type":"page","link":"https:\/\/mucha-ogrodzenia.pl\/","title":{"rendered":""},"content":{"rendered":"<div id=\"metaslider-id-160\" style=\"width: 100%; margin: 0 auto;\" class=\"ml-slider-3-50-0 metaslider metaslider-flex metaslider-160 ml-slider ms-theme-default\" role=\"region\" aria-roledescription=\"Slideshow\" aria-label=\"New Slideshow\">\n    <div id=\"metaslider_container_160\">\n        <div id=\"metaslider_160\">\n            <ul aria-live=\"polite\" class=\"slides\">\n                <li style=\"display: block; width: 100%;\" class=\"slide-172 ms-image\" aria-roledescription=\"slide\" aria-label=\"slide-172\"><img loading=\"lazy\" decoding=\"async\" src=\"https:\/\/mucha-ogrodzenia.pl\/wp-content\/uploads\/2018\/03\/1-1-1400x500.jpg\" height=\"500\" width=\"1400\" alt=\"\" class=\"slider-160 slide-172\" \/><\/li>\n                <li style=\"display: none; width: 100%;\" class=\"slide-173 ms-image\" aria-roledescription=\"slide\" aria-label=\"slide-173\"><img loading=\"lazy\" decoding=\"async\" src=\"https:\/\/mucha-ogrodzenia.pl\/wp-content\/uploads\/2018\/03\/2-1400x500.jpg\" height=\"500\" width=\"1400\" alt=\"\" class=\"slider-160 slide-173\" \/><\/li>\n                <li style=\"display: none; width: 100%;\" class=\"slide-174 ms-image\" aria-roledescription=\"slide\" aria-label=\"slide-174\"><img loading=\"lazy\" decoding=\"async\" src=\"https:\/\/mucha-ogrodzenia.pl\/wp-content\/uploads\/2018\/03\/3-1400x500.jpg\" height=\"500\" width=\"1400\" alt=\"\" class=\"slider-160 slide-174\" \/><\/li>\n            <\/ul>\n        <\/div>\n        \n    <\/div>\n<\/div>\n<p>&nbsp;<\/p>\n<p><img loading=\"lazy\" decoding=\"async\" class=\"size-medium wp-image-175 alignleft\" src=\"https:\/\/mucha-ogrodzenia.pl\/wp-content\/uploads\/2018\/03\/bokeh-201x300.jpg\" alt=\"\" width=\"201\" height=\"300\" srcset=\"https:\/\/mucha-ogrodzenia.pl\/wp-content\/uploads\/2018\/03\/bokeh-201x300.jpg 201w, https:\/\/mucha-ogrodzenia.pl\/wp-content\/uploads\/2018\/03\/bokeh-768x1147.jpg 768w, https:\/\/mucha-ogrodzenia.pl\/wp-content\/uploads\/2018\/03\/bokeh-685x1024.jpg 685w, https:\/\/mucha-ogrodzenia.pl\/wp-content\/uploads\/2018\/03\/bokeh.jpg 1071w\" sizes=\"(max-width: 201px) 100vw, 201px\" \/><\/p>\n<h4>&nbsp;<\/h4>\n<h4>&nbsp;<\/h4>\n<h4 style=\"text-align: left;\">Firma &#8220;Mucha&#8221; zajmuje si\u0119 produkcj\u0105 ogrodze\u0144 betonowych.<\/h4>\n<h4 style=\"text-align: left;\">W naszej ofercie, opr\u00f3cz ogrodze\u0144 betonowych, znajduj\u0105 si\u0119 r\u00f3wnie\u017c ogrodzenia z siatki, bramy, p\u0142ytki chodnikowe oraz konstrukcje grobowcowe. Stale powi\u0119kszamy nasz\u0105 ofert\u0119. Jako jedni z nielicznych oferujemy w pe\u0142ni profesjonalny monta\u017c.<\/h4>\n<h4 style=\"text-align: left;\">Nasze wieloletnie do\u015bwiadczenie gwarantuje najwy\u017csz\u0105 jako\u015b\u0107 towaru jak i us\u0142ug. A wszystko to po konkurencyjnych cenach.<\/h4>\n<p style=\"text-align: left;\">&nbsp;<\/p>\n<p>&nbsp;<\/p>\n","protected":false},"excerpt":{"rendered":"<p>&nbsp; &nbsp; &nbsp; Firma &#8220;Mucha&#8221; zajmuje si\u0119 produkcj\u0105 ogrodze\u0144 betonowych. W naszej ofercie, opr\u00f3cz ogrodze\u0144 betonowych, znajduj\u0105 si\u0119 r\u00f3wnie\u017c ogrodzenia z siatki, bramy, p\u0142ytki chodnikowe oraz konstrukcje grobowcowe. Stale powi\u0119kszamy nasz\u0105 ofert\u0119. Jako jedni z nielicznych oferujemy w pe\u0142ni profesjonalny monta\u017c. Nasze wieloletnie do\u015bwiadczenie gwarantuje najwy\u017csz\u0105 jako\u015b\u0107 towaru jak i us\u0142ug. A wszystko to po [&hellip;]<\/p>\n","protected":false},"author":1,"featured_media":0,"parent":0,"menu_order":0,"comment_status":"closed","ping_status":"open","template":"","meta":{"ngg_post_thumbnail":0,"footnotes":""},"_links":{"self":[{"href":"https:\/\/mucha-ogrodzenia.pl\/index.php\/wp-json\/wp\/v2\/pages\/2"}],"collection":[{"href":"https:\/\/mucha-ogrodzenia.pl\/index.php\/wp-json\/wp\/v2\/pages"}],"about":[{"href":"https:\/\/mucha-ogrodzenia.pl\/index.php\/wp-json\/wp\/v2\/types\/page"}],"author":[{"embeddable":true,"href":"https:\/\/mucha-ogrodzenia.pl\/index.php\/wp-json\/wp\/v2\/users\/1"}],"replies":[{"embeddable":true,"href":"https:\/\/mucha-ogrodzenia.pl\/index.php\/wp-json\/wp\/v2\/comments?post=2"}],"version-history":[{"count":11,"href":"https:\/\/mucha-ogrodzenia.pl\/index.php\/wp-json\/wp\/v2\/pages\/2\/revisions"}],"predecessor-version":[{"id":190,"href":"https:\/\/mucha-ogrodzenia.pl\/index.php\/wp-json\/wp\/v2\/pages\/2\/revisions\/190"}],"wp:attachment":[{"href":"https:\/\/mucha-ogrodzenia.pl\/index.php\/wp-json\/wp\/v2\/media?parent=2"}],"curies":[{"name":"wp","href":"https:\/\/api.w.org\/{rel}","templated":true}]}}